{"id":570,"date":"2023-01-13T16:33:35","date_gmt":"2023-01-13T15:33:35","guid":{"rendered":"https:\/\/2023.robertladkani.com\/?page_id=570"},"modified":"2023-01-13T16:33:35","modified_gmt":"2023-01-13T15:33:35","slug":"impressum","status":"publish","type":"page","link":"https:\/\/robertladkani.com\/de\/impressum\/","title":{"rendered":"Impressum"},"content":{"rendered":"\n<p>Informationspflicht laut \u00a75 E-Commerce Gesetz, \u00a714 Unternehmensgesetzbuch, \u00a763 Gewerbeordnung und Offenlegungspflicht laut \u00a725 Mediengesetz.<\/p>\n\n\n\n<p>Robert Ladkani e.U.<br>Zentagasse 40-42\/1\/17,<br>A-1050 Wien, \u00d6sterreich<\/p>\n\n\n\n<p><strong>Unternehmensgegenstand:<\/strong>\u00a0Werbegrafik-Designer<br><strong>UID-Nummer:<\/strong>\u00a0ATU12345678<br><strong>GLN:<\/strong>\u00a09110007656436<br><strong>GISA:<\/strong>\u00a025717945<br><strong>Firmenbuchgericht:<\/strong>\u00a0Wien<br><strong>Firmensitz:<\/strong>\u00a01050 Wien<\/p>\n\n\n\n<p><strong>Tel.:<\/strong>\u00a0+43 664 180 80 21<br><strong>E-Mail:<\/strong>\u00a0<a href=\"mailto:office@musterfirma.com\">studio@robertladkani.com<\/a><\/p>\n\n\n\n<p><strong>Mitglied bei:<\/strong>\u00a0WKO Wien<br><strong>Berufsrecht:<\/strong>\u00a0Gewerbeordnung: <a href=\"http:\/\/www.ris.bka.gv.at\">www.ris.bka.gv.at<\/a><\/p>\n\n\n\n<p><strong>Aufsichtsbeh\u00f6rde\/Gewerbebeh\u00f6rde:<\/strong>\u00a0Magistratisches Bezirksamt des V. Bezirkes<br><strong>Berufsbezeichnung:<\/strong>\u00a0Webdesigner, Grafiker<br><strong>Verleihungsstaat:<\/strong>\u00a0\u00d6sterreich<\/p>\n\n\n\n<h3 class=\"wp-block-heading\" id=\"eu-streitschlichtung\">EU-Streitschlichtung<\/h3>\n\n\n\n<p>Gem\u00e4\u00df Verordnung \u00fcber Online-Streitbeilegung in Verbraucherangelegenheiten (ODR-Verordnung) m\u00f6chten wir Sie \u00fcber die Online-Streitbeilegungsplattform (OS-Plattform) informieren.<br>Verbraucher haben die M\u00f6glichkeit, Beschwerden an die Online Streitbeilegungsplattform der Europ\u00e4ischen Kommission unter&nbsp;<a href=\"https:\/\/ec.europa.eu\/consumers\/odr\/main\/index.cfm?event=main.home2.show&amp;lng=DE\" target=\"_blank\" rel=\"noreferrer noopener\">http:\/\/ec.europa.eu\/odr?tid=121890417<\/a>&nbsp;zu richten. Die daf\u00fcr notwendigen Kontaktdaten finden Sie oberhalb in unserem Impressum.<\/p>\n\n\n\n<p>Wir m\u00f6chten Sie jedoch darauf hinweisen, dass wir nicht bereit oder verpflichtet sind, an Streitbeilegungsverfahren vor einer Verbraucherschlichtungsstelle teilzunehmen.<\/p>\n\n\n\n<h3 class=\"wp-block-heading\" id=\"haftung-fuer-inhalte-dieser-webseite\">Haftung f\u00fcr Inhalte dieser Website<\/h3>\n\n\n\n<p>Wir entwickeln die Inhalte dieser Website st\u00e4ndig weiter und bem\u00fchen uns korrekte und aktuelle Informationen bereitzustellen. &nbsp;Leider k\u00f6nnen wir keine Haftung f\u00fcr die Korrektheit aller Inhalte auf dieser Website \u00fcbernehmen, speziell f\u00fcr jene, die seitens Dritter bereitgestellt wurden. Als Diensteanbieter sind wir nicht verpflichtet, die von ihnen \u00fcbermittelten oder gespeicherten Informationen zu \u00fcberwachen oder nach Umst\u00e4nden zu forschen, die auf eine rechtswidrige T\u00e4tigkeit hinweisen.<\/p>\n\n\n\n<p>Unsere Verpflichtungen zur Entfernung von Informationen oder zur Sperrung der Nutzung von Informationen nach den allgemeinen Gesetzen aufgrund von gerichtlichen oder beh\u00f6rdlichen Anordnungen bleiben auch im Falle unserer Nichtverantwortlichkeit davon unber\u00fchrt.<\/p>\n\n\n\n<p>Sollten Ihnen problematische oder rechtswidrige Inhalte auffallen, bitte wir Sie uns umgehend zu kontaktieren, damit wir die rechtswidrigen Inhalte entfernen k\u00f6nnen. Sie finden die Kontaktdaten im Impressum.<\/p>\n\n\n\n<h3 class=\"wp-block-heading\" id=\"haftung-links-webseite\">Haftung f\u00fcr Links auf dieser Website<\/h3>\n\n\n\n<p>Unsere Website enth\u00e4lt Links zu anderen Websites f\u00fcr deren Inhalt wir nicht verantwortlich sind. Haftung f\u00fcr verlinkte Websites besteht f\u00fcr uns nicht, da wir keine Kenntnis rechtswidriger T\u00e4tigkeiten hatten und haben, uns solche Rechtswidrigkeiten auch bisher nicht aufgefallen sind und wir Links sofort entfernen w\u00fcrden, wenn uns Rechtswidrigkeiten bekannt werden.<\/p>\n\n\n\n<p>Wenn Ihnen rechtswidrige Links auf unserer Website auffallen, bitte wir Sie uns zu kontaktieren. Sie finden die Kontaktdaten im Impressum.<\/p>\n\n\n\n<h3 class=\"wp-block-heading\" id=\"urheberrechtshinweis\">Urheberrechtshinweis<\/h3>\n\n\n\n<p>Alle Inhalte dieser Webseite (Bilder, Fotos, Texte, Videos) unterliegen dem Urheberrecht. Bitte fragen Sie uns bevor Sie die Inhalte dieser Website verbreiten, vervielf\u00e4ltigen oder verwerten wie zum Beispiel auf anderen Websites erneut ver\u00f6ffentlichen. Falls notwendig, werden wir die unerlaubte Nutzung von Teilen der Inhalte unserer Seite rechtlich verfolgen.<\/p>\n\n\n\n<p>Sollten Sie auf dieser Webseite Inhalte finden, die das Urheberrecht verletzen, bitten wir Sie uns zu kontaktieren.<\/p>\n\n\n\n<h3 class=\"wp-block-heading\" id=\"bildernachweis\">Bildernachweis<\/h3>\n\n\n\n<p>Die Bilder, Fotos und Grafiken auf dieser Webseite sind urheberrechtlich gesch\u00fctzt.<\/p>\n\n\n\n<p>Die Bilderrechte f\u00fcr mein Portraitfoto liegen bei den folgenden Fotografen und Unternehmen:<\/p>\n\n\n\n<ul class=\"wp-block-list\">\n<li>Fotografin <a rel=\"noreferrer noopener\" href=\"https:\/\/www.evelynlynam.com\/\" target=\"_blank\">Evelyn Lynam Ruiz<\/a><\/li>\n<\/ul>\n\n\n\n<p>Alle Texte sind urheberrechtlich gesch\u00fctzt.<\/p>\n","protected":false},"excerpt":{"rendered":"<p>Informationspflicht laut \u00a75 E-Commerce Gesetz, \u00a714 Unternehmensgesetzbuch, \u00a763 Gewerbeordnung und Offenlegungspflicht laut \u00a725 Mediengesetz. Robert Ladkani e.U.Zentagasse 40-42\/1\/17,A-1050 Wien, \u00d6sterreich Unternehmensgegenstand:\u00a0Werbegrafik-DesignerUID-Nummer:\u00a0ATU12345678GLN:\u00a09110007656436GISA:\u00a025717945Firmenbuchgericht:\u00a0WienFirmensitz:\u00a01050 Wien Tel.:\u00a0+43 664 180 80 21E-Mail:\u00a0studio@robertladkani.com Mitglied bei:\u00a0WKO WienBerufsrecht:\u00a0Gewerbeordnung: www.ris.bka.gv.at Aufsichtsbeh\u00f6rde\/Gewerbebeh\u00f6rde:\u00a0Magistratisches Bezirksamt des V. BezirkesBerufsbezeichnung:\u00a0Webdesigner, GrafikerVerleihungsstaat:\u00a0\u00d6sterreich EU-Streitschlichtung Gem\u00e4\u00df Verordnung \u00fcber Online-Streitbeilegung in Verbraucherangelegenheiten (ODR-Verordnung) m\u00f6chten wir Sie \u00fcber die Online-Streitbeilegungsplattform (OS-Plattform) informieren.Verbraucher haben [&hellip;]<\/p>\n","protected":false},"author":1,"featured_media":0,"parent":0,"menu_order":0,"comment_status":"closed","ping_status":"closed","template":"","meta":{"_uag_custom_page_level_css":"","site-sidebar-layout":"default","site-content-layout":"","ast-site-content-layout":"default","site-content-style":"default","site-sidebar-style":"default","ast-global-header-display":"","ast-banner-title-visibility":"","ast-main-header-display":"","ast-hfb-above-header-display":"","ast-hfb-below-header-display":"","ast-hfb-mobile-header-display":"","site-post-title":"","ast-breadcrumbs-content":"","ast-featured-img":"","footer-sml-layout":"","ast-disable-related-posts":"","theme-transparent-header-meta":"","adv-header-id-meta":"","stick-header-meta":"","header-above-stick-meta":null,"header-main-stick-meta":"","header-below-stick-meta":null,"astra-migrate-meta-layouts":"default","ast-page-background-enabled":"default","ast-page-background-meta":{"desktop":{"background-color":"var(--ast-global-color-4)","background-image":"","background-repeat":"repeat","background-position":"center center","background-size":"auto","background-attachment":"scroll","background-type":"","background-media":"","overlay-type":"","overlay-color":"","overlay-opacity":"","overlay-gradient":""},"tablet":{"background-color":"","background-image":"","background-repeat":"repeat","background-position":"center center","background-size":"auto","background-attachment":"scroll","background-type":"","background-media":"","overlay-type":"","overlay-color":"","overlay-opacity":"","overlay-gradient":""},"mobile":{"background-color":"","background-image":"","background-repeat":"repeat","background-position":"center center","background-size":"auto","background-attachment":"scroll","background-type":"","background-media":"","overlay-type":"","overlay-color":"","overlay-opacity":"","overlay-gradient":""}},"ast-content-background-meta":{"desktop":{"background-color":"var(--ast-global-color-5)","background-image":"","background-repeat":"repeat","background-position":"center center","background-size":"auto","background-attachment":"scroll","background-type":"","background-media":"","overlay-type":"","overlay-color":"","overlay-opacity":"","overlay-gradient":""},"tablet":{"background-color":"var(--ast-global-color-5)","background-image":"","background-repeat":"repeat","background-position":"center center","background-size":"auto","background-attachment":"scroll","background-type":"","background-media":"","overlay-type":"","overlay-color":"","overlay-opacity":"","overlay-gradient":""},"mobile":{"background-color":"var(--ast-global-color-5)","background-image":"","background-repeat":"repeat","background-position":"center center","background-size":"auto","background-attachment":"scroll","background-type":"","background-media":"","overlay-type":"","overlay-color":"","overlay-opacity":"","overlay-gradient":""}},"footnotes":""},"class_list":["post-570","page","type-page","status-publish","hentry"],"yoast_head":"<!-- This site is optimized with the Yoast SEO plugin v27.0 - https:\/\/yoast.com\/product\/yoast-seo-wordpress\/ -->\n<title>Impressum - robertladkani.com<\/title>\n<meta name=\"robots\" content=\"index, follow, max-snippet:-1, max-image-preview:large, max-video-preview:-1\" \/>\n<link rel=\"canonical\" href=\"https:\/\/robertladkani.com\/de\/impressum\/\" \/>\n<meta property=\"og:locale\" content=\"de_DE\" \/>\n<meta property=\"og:type\" content=\"article\" \/>\n<meta property=\"og:title\" content=\"Impressum - robertladkani.com\" \/>\n<meta property=\"og:description\" content=\"Informationspflicht laut \u00a75 E-Commerce Gesetz, \u00a714 Unternehmensgesetzbuch, \u00a763 Gewerbeordnung und Offenlegungspflicht laut \u00a725 Mediengesetz. Robert Ladkani e.U.Zentagasse 40-42\/1\/17,A-1050 Wien, \u00d6sterreich Unternehmensgegenstand:\u00a0Werbegrafik-DesignerUID-Nummer:\u00a0ATU12345678GLN:\u00a09110007656436GISA:\u00a025717945Firmenbuchgericht:\u00a0WienFirmensitz:\u00a01050 Wien Tel.:\u00a0+43 664 180 80 21E-Mail:\u00a0studio@robertladkani.com Mitglied bei:\u00a0WKO WienBerufsrecht:\u00a0Gewerbeordnung: www.ris.bka.gv.at Aufsichtsbeh\u00f6rde\/Gewerbebeh\u00f6rde:\u00a0Magistratisches Bezirksamt des V. BezirkesBerufsbezeichnung:\u00a0Webdesigner, GrafikerVerleihungsstaat:\u00a0\u00d6sterreich EU-Streitschlichtung Gem\u00e4\u00df Verordnung \u00fcber Online-Streitbeilegung in Verbraucherangelegenheiten (ODR-Verordnung) m\u00f6chten wir Sie \u00fcber die Online-Streitbeilegungsplattform (OS-Plattform) informieren.Verbraucher haben [&hellip;]\" \/>\n<meta property=\"og:url\" content=\"https:\/\/robertladkani.com\/de\/impressum\/\" \/>\n<meta property=\"og:site_name\" content=\"robertladkani.com\" \/>\n<meta property=\"article:publisher\" content=\"https:\/\/www.facebook.com\/robertladkanidesignstudio\/\" \/>\n<meta name=\"twitter:card\" content=\"summary_large_image\" \/>\n<meta name=\"twitter:label1\" content=\"Gesch\u00e4tzte Lesezeit\" \/>\n\t<meta name=\"twitter:data1\" content=\"2\u00a0Minuten\" \/>\n<script type=\"application\/ld+json\" class=\"yoast-schema-graph\">{\"@context\":\"https:\/\/schema.org\",\"@graph\":[{\"@type\":\"WebPage\",\"@id\":\"https:\/\/robertladkani.com\/de\/impressum\/\",\"url\":\"https:\/\/robertladkani.com\/de\/impressum\/\",\"name\":\"Impressum - robertladkani.com\",\"isPartOf\":{\"@id\":\"https:\/\/robertladkani.com\/#website\"},\"datePublished\":\"2023-01-13T15:33:35+00:00\",\"breadcrumb\":{\"@id\":\"https:\/\/robertladkani.com\/de\/impressum\/#breadcrumb\"},\"inLanguage\":\"de\",\"potentialAction\":[{\"@type\":\"ReadAction\",\"target\":[\"https:\/\/robertladkani.com\/de\/impressum\/\"]}]},{\"@type\":\"BreadcrumbList\",\"@id\":\"https:\/\/robertladkani.com\/de\/impressum\/#breadcrumb\",\"itemListElement\":[{\"@type\":\"ListItem\",\"position\":1,\"name\":\"Home\",\"item\":\"https:\/\/robertladkani.com\/de\/\"},{\"@type\":\"ListItem\",\"position\":2,\"name\":\"Impressum\"}]},{\"@type\":\"WebSite\",\"@id\":\"https:\/\/robertladkani.com\/#website\",\"url\":\"https:\/\/robertladkani.com\/\",\"name\":\"robertladkani.com\",\"description\":\"Strategy | Design | Development\",\"publisher\":{\"@id\":\"https:\/\/robertladkani.com\/#organization\"},\"potentialAction\":[{\"@type\":\"SearchAction\",\"target\":{\"@type\":\"EntryPoint\",\"urlTemplate\":\"https:\/\/robertladkani.com\/?s={search_term_string}\"},\"query-input\":{\"@type\":\"PropertyValueSpecification\",\"valueRequired\":true,\"valueName\":\"search_term_string\"}}],\"inLanguage\":\"de\"},{\"@type\":\"Organization\",\"@id\":\"https:\/\/robertladkani.com\/#organization\",\"name\":\"Robert Ladkani - Design Studio\",\"url\":\"https:\/\/robertladkani.com\/\",\"logo\":{\"@type\":\"ImageObject\",\"inLanguage\":\"de\",\"@id\":\"https:\/\/robertladkani.com\/#\/schema\/logo\/image\/\",\"url\":\"https:\/\/robertladkani.com\/wp-content\/uploads\/2023\/02\/cropped-robert-ladkani.png\",\"contentUrl\":\"https:\/\/robertladkani.com\/wp-content\/uploads\/2023\/02\/cropped-robert-ladkani.png\",\"width\":512,\"height\":512,\"caption\":\"Robert Ladkani - Design Studio\"},\"image\":{\"@id\":\"https:\/\/robertladkani.com\/#\/schema\/logo\/image\/\"},\"sameAs\":[\"https:\/\/www.facebook.com\/robertladkanidesignstudio\/\",\"https:\/\/www.linkedin.com\/in\/robertladkani\/\"]}]}<\/script>\n<!-- \/ Yoast SEO plugin. -->","yoast_head_json":{"title":"Impressum - robertladkani.com","robots":{"index":"index","follow":"follow","max-snippet":"max-snippet:-1","max-image-preview":"max-image-preview:large","max-video-preview":"max-video-preview:-1"},"canonical":"https:\/\/robertladkani.com\/de\/impressum\/","og_locale":"de_DE","og_type":"article","og_title":"Impressum - robertladkani.com","og_description":"Informationspflicht laut \u00a75 E-Commerce Gesetz, \u00a714 Unternehmensgesetzbuch, \u00a763 Gewerbeordnung und Offenlegungspflicht laut \u00a725 Mediengesetz. Robert Ladkani e.U.Zentagasse 40-42\/1\/17,A-1050 Wien, \u00d6sterreich Unternehmensgegenstand:\u00a0Werbegrafik-DesignerUID-Nummer:\u00a0ATU12345678GLN:\u00a09110007656436GISA:\u00a025717945Firmenbuchgericht:\u00a0WienFirmensitz:\u00a01050 Wien Tel.:\u00a0+43 664 180 80 21E-Mail:\u00a0studio@robertladkani.com Mitglied bei:\u00a0WKO WienBerufsrecht:\u00a0Gewerbeordnung: www.ris.bka.gv.at Aufsichtsbeh\u00f6rde\/Gewerbebeh\u00f6rde:\u00a0Magistratisches Bezirksamt des V. BezirkesBerufsbezeichnung:\u00a0Webdesigner, GrafikerVerleihungsstaat:\u00a0\u00d6sterreich EU-Streitschlichtung Gem\u00e4\u00df Verordnung \u00fcber Online-Streitbeilegung in Verbraucherangelegenheiten (ODR-Verordnung) m\u00f6chten wir Sie \u00fcber die Online-Streitbeilegungsplattform (OS-Plattform) informieren.Verbraucher haben [&hellip;]","og_url":"https:\/\/robertladkani.com\/de\/impressum\/","og_site_name":"robertladkani.com","article_publisher":"https:\/\/www.facebook.com\/robertladkanidesignstudio\/","twitter_card":"summary_large_image","twitter_misc":{"Gesch\u00e4tzte Lesezeit":"2\u00a0Minuten"},"schema":{"@context":"https:\/\/schema.org","@graph":[{"@type":"WebPage","@id":"https:\/\/robertladkani.com\/de\/impressum\/","url":"https:\/\/robertladkani.com\/de\/impressum\/","name":"Impressum - robertladkani.com","isPartOf":{"@id":"https:\/\/robertladkani.com\/#website"},"datePublished":"2023-01-13T15:33:35+00:00","breadcrumb":{"@id":"https:\/\/robertladkani.com\/de\/impressum\/#breadcrumb"},"inLanguage":"de","potentialAction":[{"@type":"ReadAction","target":["https:\/\/robertladkani.com\/de\/impressum\/"]}]},{"@type":"BreadcrumbList","@id":"https:\/\/robertladkani.com\/de\/impressum\/#breadcrumb","itemListElement":[{"@type":"ListItem","position":1,"name":"Home","item":"https:\/\/robertladkani.com\/de\/"},{"@type":"ListItem","position":2,"name":"Impressum"}]},{"@type":"WebSite","@id":"https:\/\/robertladkani.com\/#website","url":"https:\/\/robertladkani.com\/","name":"robertladkani.com","description":"Strategy | Design | Development","publisher":{"@id":"https:\/\/robertladkani.com\/#organization"},"potentialAction":[{"@type":"SearchAction","target":{"@type":"EntryPoint","urlTemplate":"https:\/\/robertladkani.com\/?s={search_term_string}"},"query-input":{"@type":"PropertyValueSpecification","valueRequired":true,"valueName":"search_term_string"}}],"inLanguage":"de"},{"@type":"Organization","@id":"https:\/\/robertladkani.com\/#organization","name":"Robert Ladkani - Design Studio","url":"https:\/\/robertladkani.com\/","logo":{"@type":"ImageObject","inLanguage":"de","@id":"https:\/\/robertladkani.com\/#\/schema\/logo\/image\/","url":"https:\/\/robertladkani.com\/wp-content\/uploads\/2023\/02\/cropped-robert-ladkani.png","contentUrl":"https:\/\/robertladkani.com\/wp-content\/uploads\/2023\/02\/cropped-robert-ladkani.png","width":512,"height":512,"caption":"Robert Ladkani - Design Studio"},"image":{"@id":"https:\/\/robertladkani.com\/#\/schema\/logo\/image\/"},"sameAs":["https:\/\/www.facebook.com\/robertladkanidesignstudio\/","https:\/\/www.linkedin.com\/in\/robertladkani\/"]}]}},"uagb_featured_image_src":{"full":false,"thumbnail":false,"medium":false,"medium_large":false,"large":false,"1536x1536":false,"2048x2048":false},"uagb_author_info":{"display_name":"robert","author_link":"https:\/\/robertladkani.com\/de\/author\/robert\/"},"uagb_comment_info":0,"uagb_excerpt":"Informationspflicht laut \u00a75 E-Commerce Gesetz, \u00a714 Unternehmensgesetzbuch, \u00a763 Gewerbeordnung und Offenlegungspflicht laut \u00a725 Mediengesetz. Robert Ladkani e.U.Zentagasse 40-42\/1\/17,A-1050 Wien, \u00d6sterreich Unternehmensgegenstand:\u00a0Werbegrafik-DesignerUID-Nummer:\u00a0ATU12345678GLN:\u00a09110007656436GISA:\u00a025717945Firmenbuchgericht:\u00a0WienFirmensitz:\u00a01050 Wien Tel.:\u00a0+43 664 180 80 21E-Mail:\u00a0studio@robertladkani.com Mitglied bei:\u00a0WKO WienBerufsrecht:\u00a0Gewerbeordnung: www.ris.bka.gv.at Aufsichtsbeh\u00f6rde\/Gewerbebeh\u00f6rde:\u00a0Magistratisches Bezirksamt des V. BezirkesBerufsbezeichnung:\u00a0Webdesigner, GrafikerVerleihungsstaat:\u00a0\u00d6sterreich EU-Streitschlichtung Gem\u00e4\u00df Verordnung \u00fcber Online-Streitbeilegung in Verbraucherangelegenheiten (ODR-Verordnung) m\u00f6chten wir Sie \u00fcber die Online-Streitbeilegungsplattform (OS-Plattform) informieren.Verbraucher haben [&hellip;]","_links":{"self":[{"href":"https:\/\/robertladkani.com\/de\/wp-json\/wp\/v2\/pages\/570","targetHints":{"allow":["GET"]}}],"collection":[{"href":"https:\/\/robertladkani.com\/de\/wp-json\/wp\/v2\/pages"}],"about":[{"href":"https:\/\/robertladkani.com\/de\/wp-json\/wp\/v2\/types\/page"}],"author":[{"embeddable":true,"href":"https:\/\/robertladkani.com\/de\/wp-json\/wp\/v2\/users\/1"}],"replies":[{"embeddable":true,"href":"https:\/\/robertladkani.com\/de\/wp-json\/wp\/v2\/comments?post=570"}],"version-history":[{"count":1,"href":"https:\/\/robertladkani.com\/de\/wp-json\/wp\/v2\/pages\/570\/revisions"}],"predecessor-version":[{"id":571,"href":"https:\/\/robertladkani.com\/de\/wp-json\/wp\/v2\/pages\/570\/revisions\/571"}],"wp:attachment":[{"href":"https:\/\/robertladkani.com\/de\/wp-json\/wp\/v2\/media?parent=570"}],"curies":[{"name":"wp","href":"https:\/\/api.w.org\/{rel}","templated":true}]}}