{"id":470,"date":"2023-01-12T17:47:31","date_gmt":"2023-01-12T16:47:31","guid":{"rendered":"https:\/\/2023.robertladkani.com\/?page_id=470"},"modified":"2023-02-08T19:09:15","modified_gmt":"2023-02-08T18:09:15","slug":"about","status":"publish","type":"page","link":"https:\/\/robertladkani.com\/de\/about\/","title":{"rendered":"About"},"content":{"rendered":"\n<div class=\"wp-block-media-text alignwide is-stacked-on-mobile is-vertically-aligned-center rl-profile-picture animated\" style=\"padding-top:var(--wp--preset--spacing--60);padding-bottom:var(--wp--preset--spacing--80)\"><figure class=\"wp-block-media-text__media\"><img loading=\"lazy\" decoding=\"async\" width=\"1596\" height=\"1596\" src=\"https:\/\/robertladkani.com\/wp-content\/uploads\/2023\/01\/Robert-Ladkani.jpg\" alt=\"\" class=\"wp-image-491 size-full\" srcset=\"https:\/\/robertladkani.com\/wp-content\/uploads\/2023\/01\/Robert-Ladkani.jpg 1596w, https:\/\/robertladkani.com\/wp-content\/uploads\/2023\/01\/Robert-Ladkani-300x300.jpg 300w, https:\/\/robertladkani.com\/wp-content\/uploads\/2023\/01\/Robert-Ladkani-150x150.jpg 150w, https:\/\/robertladkani.com\/wp-content\/uploads\/2023\/01\/Robert-Ladkani-768x768.jpg 768w, https:\/\/robertladkani.com\/wp-content\/uploads\/2023\/01\/Robert-Ladkani-1536x1536.jpg 1536w\" sizes=\"auto, (max-width: 1596px) 100vw, 1596px\" \/><\/figure><div class=\"wp-block-media-text__content\">\n<div class=\"inherit-container-width wp-block-group alignwide rl-project-intro-inner is-layout-constrained wp-block-group-is-layout-constrained\">\n<h2 class=\"wp-block-heading\">Vita<\/h2>\n\n\n\n<h5 class=\"wp-block-heading\">What I have done so far..<\/h5>\n<\/div>\n\n\n\n<div style=\"height:40px\" aria-hidden=\"true\" class=\"wp-block-spacer\"><\/div>\n\n\n\n<p>Mein Werdegang als Kommunikationsdesigner war von mehreren Phasen gepr\u00e4gt. Ich begann mit einem Multimedia-Design-Studium an der Middlesex University und dem SAE Technology College, das es mir erm\u00f6glichte, meine Leidenschaft f\u00fcr Design und technische Anwendungen zu verbinden. Durch die Arbeit in verschiedenen Design- und Werbeagenturen lernte ich die harte Praxis des Agenturlebens kennen. Anfangs lag mein Schwerpunkt auf Print- und Corporate Design, doch schon bald zog es mich zu interaktiven Anwendungen, und ich entwickelte fortlaufende meine Skills in diesem Bereich weiter. In meinem Studium f\u00fcr Screendesign an der Kingston University habe ich dann gelernt, interaktives Design mit Animation und Storytelling zu verbinden.<\/p>\n\n\n\n<p>In den letzten Jahren habe ich meinen Schwerpunkt auf die kreative Gesch\u00e4ftsentwicklung und das Marketing f\u00fcr Startups und Technologieunternehmen verlagert. Ich betrachte Digital Marketing holistisch; Erfolgreiches Brandbuilding und Lead-Gen gehen Hand in Hand, jedoch erfolgt die Kommunikation auf sehr unterschiedlichen Ebenen. &nbsp;Hier m\u00f6chte ich f\u00fcr meine Kunden meine multidisziplin\u00e4re Expertise einbringen, und sie mit fundierter Strategie, starkem Design und ausgefeilter technischer Implementierung unterst\u00fctzen.<\/p>\n\n\n\n<p><em>Photo by: <a rel=\"noreferrer noopener\" href=\"https:\/\/www.evelynlynam.com\/\" target=\"_blank\">Evelyn Lynam Ruiz<\/a><\/em><\/p>\n<\/div><\/div>\n\n\n\n<div class=\"inherit-container-width wp-block-group alignfull rl-clients has-ast-global-color-3-background-color has-background is-layout-constrained wp-block-group-is-layout-constrained\" style=\"padding-top:var(--wp--preset--spacing--80);padding-bottom:var(--wp--preset--spacing--80)\">\n<div class=\"inherit-container-width wp-block-group alignwide rl-project-intro-inner is-layout-constrained wp-block-group-is-layout-constrained\">\n<h2 class=\"wp-block-heading\">Kunden<\/h2>\n\n\n\n<h5 class=\"wp-block-heading\">Auszug Referenzkunden<\/h5>\n\n\n\n<div style=\"height:40px\" aria-hidden=\"true\" class=\"wp-block-spacer\"><\/div>\n<\/div>\n\n\n\n<figure class=\"wp-block-gallery alignwide has-nested-images columns-4 is-cropped rl-logo-gallery wp-block-gallery-1 is-layout-flex wp-block-gallery-is-layout-flex\">\n<figure class=\"wp-block-image size-large\"><img loading=\"lazy\" decoding=\"async\" width=\"652\" height=\"652\" data-id=\"487\" src=\"https:\/\/robertladkani.com\/wp-content\/uploads\/2023\/01\/Agrana.svg\" alt=\"\" class=\"wp-image-487\"\/><\/figure>\n\n\n\n<figure class=\"wp-block-image size-large\"><img loading=\"lazy\" decoding=\"async\" width=\"652\" height=\"652\" data-id=\"482\" src=\"https:\/\/robertladkani.com\/wp-content\/uploads\/2023\/01\/AMEX.svg\" alt=\"\" class=\"wp-image-482\"\/><\/figure>\n\n\n\n<figure class=\"wp-block-image size-large\"><img loading=\"lazy\" decoding=\"async\" width=\"652\" height=\"652\" data-id=\"477\" src=\"https:\/\/robertladkani.com\/wp-content\/uploads\/2023\/01\/Bank-Austria.svg\" alt=\"\" class=\"wp-image-477\"\/><\/figure>\n\n\n\n<figure class=\"wp-block-image size-large\"><img loading=\"lazy\" decoding=\"async\" width=\"652\" height=\"652\" data-id=\"478\" src=\"https:\/\/robertladkani.com\/wp-content\/uploads\/2023\/01\/Casinos-Austria.svg\" alt=\"\" class=\"wp-image-478\"\/><\/figure>\n\n\n\n<figure class=\"wp-block-image size-large\"><img loading=\"lazy\" decoding=\"async\" width=\"652\" height=\"652\" data-id=\"474\" src=\"https:\/\/robertladkani.com\/wp-content\/uploads\/2023\/01\/DM.svg\" alt=\"\" class=\"wp-image-474\"\/><\/figure>\n\n\n\n<figure class=\"wp-block-image size-large\"><img loading=\"lazy\" decoding=\"async\" width=\"652\" height=\"652\" data-id=\"485\" src=\"https:\/\/robertladkani.com\/wp-content\/uploads\/2023\/01\/Erste-Bank.svg\" alt=\"\" class=\"wp-image-485\"\/><\/figure>\n\n\n\n<figure class=\"wp-block-image size-large\"><img loading=\"lazy\" decoding=\"async\" width=\"652\" height=\"652\" data-id=\"479\" src=\"https:\/\/robertladkani.com\/wp-content\/uploads\/2023\/01\/Ford.svg\" alt=\"\" class=\"wp-image-479\"\/><\/figure>\n\n\n\n<figure class=\"wp-block-image size-large\"><img loading=\"lazy\" decoding=\"async\" width=\"652\" height=\"652\" data-id=\"476\" src=\"https:\/\/robertladkani.com\/wp-content\/uploads\/2023\/01\/Ikea.svg\" alt=\"\" class=\"wp-image-476\"\/><\/figure>\n\n\n\n<figure class=\"wp-block-image size-large\"><img loading=\"lazy\" decoding=\"async\" width=\"652\" height=\"652\" data-id=\"488\" src=\"https:\/\/robertladkani.com\/wp-content\/uploads\/2023\/01\/Lufthansa.svg\" alt=\"\" class=\"wp-image-488\"\/><\/figure>\n\n\n\n<figure class=\"wp-block-image size-large\"><img loading=\"lazy\" decoding=\"async\" width=\"652\" height=\"652\" data-id=\"486\" src=\"https:\/\/robertladkani.com\/wp-content\/uploads\/2023\/01\/Mondi.svg\" alt=\"\" class=\"wp-image-486\"\/><\/figure>\n\n\n\n<figure class=\"wp-block-image size-large\"><img loading=\"lazy\" decoding=\"async\" width=\"652\" height=\"652\" data-id=\"483\" src=\"https:\/\/robertladkani.com\/wp-content\/uploads\/2023\/01\/Porsche.svg\" alt=\"\" class=\"wp-image-483\"\/><\/figure>\n\n\n\n<figure class=\"wp-block-image size-large\"><img loading=\"lazy\" decoding=\"async\" width=\"652\" height=\"652\" data-id=\"484\" src=\"https:\/\/robertladkani.com\/wp-content\/uploads\/2023\/01\/Red-Bull.svg\" alt=\"\" class=\"wp-image-484\"\/><\/figure>\n\n\n\n<figure class=\"wp-block-image size-large\"><img loading=\"lazy\" decoding=\"async\" width=\"652\" height=\"652\" data-id=\"489\" src=\"https:\/\/robertladkani.com\/wp-content\/uploads\/2023\/01\/Sanofi.svg\" alt=\"\" class=\"wp-image-489\"\/><\/figure>\n\n\n\n<figure class=\"wp-block-image size-large\"><img loading=\"lazy\" decoding=\"async\" width=\"652\" height=\"652\" data-id=\"475\" src=\"https:\/\/robertladkani.com\/wp-content\/uploads\/2023\/01\/Shire.svg\" alt=\"\" class=\"wp-image-475\"\/><\/figure>\n\n\n\n<figure class=\"wp-block-image size-large\"><img loading=\"lazy\" decoding=\"async\" width=\"652\" height=\"652\" data-id=\"480\" src=\"https:\/\/robertladkani.com\/wp-content\/uploads\/2023\/01\/T-Mobile.svg\" alt=\"\" class=\"wp-image-480\"\/><\/figure>\n\n\n\n<figure class=\"wp-block-image size-large\"><img loading=\"lazy\" decoding=\"async\" width=\"652\" height=\"652\" data-id=\"481\" src=\"https:\/\/robertladkani.com\/wp-content\/uploads\/2023\/01\/Takeda.svg\" alt=\"\" class=\"wp-image-481\"\/><\/figure>\n<\/figure>\n<\/div>\n\n\n\n<div class=\"inherit-container-width wp-block-group alignfull rl-awards has-ast-global-color-4-background-color has-background is-layout-constrained wp-block-group-is-layout-constrained\" style=\"padding-top:var(--wp--preset--spacing--80);padding-bottom:var(--wp--preset--spacing--80)\">\n<div class=\"inherit-container-width wp-block-group alignwide rl-project-intro-inner is-layout-constrained wp-block-group-is-layout-constrained\">\n<h2 class=\"wp-block-heading\">Awards &amp; Nominations<\/h2>\n\n\n\n<h5 class=\"wp-block-heading\">My 5 Minutes of fame..<\/h5>\n\n\n\n<div style=\"height:40px\" aria-hidden=\"true\" class=\"wp-block-spacer\"><\/div>\n<\/div>\n\n\n\n<figure class=\"wp-block-gallery alignwide has-nested-images columns-4 is-cropped rl-logo-gallery rl-awards-gallery wp-block-gallery-2 is-layout-flex wp-block-gallery-is-layout-flex\">\n<figure class=\"wp-block-image size-large is-style-default\"><img loading=\"lazy\" decoding=\"async\" width=\"898\" height=\"898\" data-id=\"472\" src=\"https:\/\/robertladkani.com\/wp-content\/uploads\/2023\/01\/awwwards.svg\" alt=\"\" class=\"wp-image-472\"\/><figcaption class=\"wp-element-caption\">awwwards | Site of the Day<br><strong>Mario Pricken<\/strong><\/figcaption><\/figure>\n\n\n\n<figure class=\"wp-block-image size-large\"><img loading=\"lazy\" decoding=\"async\" width=\"898\" height=\"898\" data-id=\"471\" src=\"https:\/\/robertladkani.com\/wp-content\/uploads\/2023\/01\/d-ad.svg\" alt=\"\" class=\"wp-image-471\"\/><figcaption class=\"wp-element-caption\">D&amp;AD | inBook Award<br><strong>15 Below Project<\/strong><\/figcaption><\/figure>\n\n\n\n<figure class=\"wp-block-image size-large\"><img loading=\"lazy\" decoding=\"async\" width=\"898\" height=\"898\" data-id=\"473\" src=\"https:\/\/robertladkani.com\/wp-content\/uploads\/2023\/01\/netdiver-magazine.svg\" alt=\"\" class=\"wp-image-473\"\/><figcaption class=\"wp-element-caption\">awwwards | Site of the Month<br><strong>Orange Sound<\/strong><\/figcaption><\/figure>\n<\/figure>\n<\/div>\n\n\n\n<div class=\"wp-block-media-text alignwide is-stacked-on-mobile is-vertically-aligned-center rl-profile-picture rl-work\" style=\"padding-top:var(--wp--preset--spacing--80);padding-bottom:var(--wp--preset--spacing--80)\"><figure class=\"wp-block-media-text__media\"><img loading=\"lazy\" decoding=\"async\" width=\"1596\" height=\"1596\" src=\"https:\/\/robertladkani.com\/wp-content\/uploads\/2023\/01\/Rl-Logo-About.jpg\" alt=\"\" class=\"wp-image-490 size-full\" srcset=\"https:\/\/robertladkani.com\/wp-content\/uploads\/2023\/01\/Rl-Logo-About.jpg 1596w, https:\/\/robertladkani.com\/wp-content\/uploads\/2023\/01\/Rl-Logo-About-300x300.jpg 300w, https:\/\/robertladkani.com\/wp-content\/uploads\/2023\/01\/Rl-Logo-About-150x150.jpg 150w, https:\/\/robertladkani.com\/wp-content\/uploads\/2023\/01\/Rl-Logo-About-768x768.jpg 768w, https:\/\/robertladkani.com\/wp-content\/uploads\/2023\/01\/Rl-Logo-About-1536x1536.jpg 1536w\" sizes=\"auto, (max-width: 1596px) 100vw, 1596px\" \/><\/figure><div class=\"wp-block-media-text__content\">\n<div class=\"inherit-container-width wp-block-group alignwide rl-project-intro-inner is-layout-constrained wp-block-group-is-layout-constrained\">\n<h2 class=\"wp-block-heading\">Let\u00b4s Work Together!<\/h2>\n\n\n\n<h5 class=\"wp-block-heading\">Projekt-Setup und Herangehensweise<\/h5>\n<\/div>\n\n\n\n<div style=\"height:40px\" aria-hidden=\"true\" class=\"wp-block-spacer\"><\/div>\n\n\n\n<p>In unserem rasant ver\u00e4ndernden Marktumfeld sehe ich es als ein Muss, sich neuen Rahmenbedingungen und Technologien kontinuierlich anzupassen. Der Satz <strong><em>\u201eThe only Constant is Change\u201c<\/em><\/strong> ist daher zu meinem Leitmantra geworden und dementsprechend flexibel gestaltet sich auch die Zusammenarbeit mit Kunden und Projekt-Partnern. Jedes Marketing- und Kommunikations-Vorhaben bringt unterschiedliche Anforderungen mit sich \u2013 ein Unternehmen kann z.B. bereits stark im Branding und der Gestaltung sein, jedoch schwach im Konvertieren von Kunden oder umgekehrt.<\/p>\n\n\n\n<p>Daher biete ich meinen Kunden m\u00f6glichst agile Projektentwicklung mit starkem Fokus auf Storytelling und Design. Neuen Projekten m\u00f6chte ich m\u00f6glichst neutral und unvoreingenommen angehen und zun\u00e4chst wirklich gut zuh\u00f6ren und verstehen. Erst nach eingehender Analyse &amp; Recherche werden kreative und technische M\u00f6glichkeiten erarbeitet die sich zur Umsetzung bieten und ein Team aus internen und externen Ressourcen zusammengestellt.<\/p>\n\n\n\n<p>Hinsichtlich Methodik arbeite ich gerne nach dem 3H Modell von Google. Es liefert neben dem bekannten AIDA Modell eine ausgezeichnete systematische Grundlage. Das Ergebnis f\u00fcr meine Kunden ist ein schlanker und effizienter Arbeitsprozess \u2013 Ideen und Inhalte stehen im Vordergrund um klar definierte Marketingziele zu erzielen.<\/p>\n<\/div><\/div>\n","protected":false},"excerpt":{"rendered":"<p>Kunden Auszug Referenzkunden Awards &amp; Nominations My 5 Minutes of fame..<\/p>\n","protected":false},"author":1,"featured_media":0,"parent":0,"menu_order":0,"comment_status":"closed","ping_status":"closed","template":"","meta":{"_uag_custom_page_level_css":"","site-sidebar-layout":"default","site-content-layout":"","ast-site-content-layout":"default","site-content-style":"default","site-sidebar-style":"default","ast-global-header-display":"","ast-banner-title-visibility":"","ast-main-header-display":"","ast-hfb-above-header-display":"","ast-hfb-below-header-display":"","ast-hfb-mobile-header-display":"","site-post-title":"disabled","ast-breadcrumbs-content":"","ast-featured-img":"","footer-sml-layout":"","ast-disable-related-posts":"","theme-transparent-header-meta":"","adv-header-id-meta":"","stick-header-meta":"","header-above-stick-meta":"","header-main-stick-meta":"","header-below-stick-meta":"","astra-migrate-meta-layouts":"default","ast-page-background-enabled":"default","ast-page-background-meta":{"desktop":{"background-color":"var(--ast-global-color-4)","background-image":"","background-repeat":"repeat","background-position":"center center","background-size":"auto","background-attachment":"scroll","background-type":"","background-media":"","overlay-type":"","overlay-color":"","overlay-opacity":"","overlay-gradient":""},"tablet":{"background-color":"","background-image":"","background-repeat":"repeat","background-position":"center center","background-size":"auto","background-attachment":"scroll","background-type":"","background-media":"","overlay-type":"","overlay-color":"","overlay-opacity":"","overlay-gradient":""},"mobile":{"background-color":"","background-image":"","background-repeat":"repeat","background-position":"center center","background-size":"auto","background-attachment":"scroll","background-type":"","background-media":"","overlay-type":"","overlay-color":"","overlay-opacity":"","overlay-gradient":""}},"ast-content-background-meta":{"desktop":{"background-color":"var(--ast-global-color-5)","background-image":"","background-repeat":"repeat","background-position":"center center","background-size":"auto","background-attachment":"scroll","background-type":"","background-media":"","overlay-type":"","overlay-color":"","overlay-opacity":"","overlay-gradient":""},"tablet":{"background-color":"var(--ast-global-color-5)","background-image":"","background-repeat":"repeat","background-position":"center center","background-size":"auto","background-attachment":"scroll","background-type":"","background-media":"","overlay-type":"","overlay-color":"","overlay-opacity":"","overlay-gradient":""},"mobile":{"background-color":"var(--ast-global-color-5)","background-image":"","background-repeat":"repeat","background-position":"center center","background-size":"auto","background-attachment":"scroll","background-type":"","background-media":"","overlay-type":"","overlay-color":"","overlay-opacity":"","overlay-gradient":""}},"footnotes":""},"class_list":["post-470","page","type-page","status-publish","hentry"],"yoast_head":"<!-- This site is optimized with the Yoast SEO plugin v27.0 - https:\/\/yoast.com\/product\/yoast-seo-wordpress\/ -->\n<title>About - robertladkani.com<\/title>\n<meta name=\"description\" content=\"\u00dcber Robert Ladkani - Ein multidisziplin\u00e4rer Experte f\u00fcr Digital Marketing. Erfahren Sie mehr \u00fcber meinen professionellen Werdegang.\" \/>\n<meta name=\"robots\" content=\"index, follow, max-snippet:-1, max-image-preview:large, max-video-preview:-1\" \/>\n<link rel=\"canonical\" href=\"https:\/\/robertladkani.com\/de\/about\/\" \/>\n<meta property=\"og:locale\" content=\"de_DE\" \/>\n<meta property=\"og:type\" content=\"article\" \/>\n<meta property=\"og:title\" content=\"\u00dcber Robert Ladkani\" \/>\n<meta property=\"og:description\" content=\"\u00dcber Robert Ladkani - Ein multidisziplin\u00e4rer Experte f\u00fcr Digital Marketing. Erfahren Sie mehr \u00fcber meinen professionellen Werdegang.\" \/>\n<meta property=\"og:url\" content=\"https:\/\/robertladkani.com\/de\/about\/\" \/>\n<meta property=\"og:site_name\" content=\"robertladkani.com\" \/>\n<meta property=\"article:publisher\" content=\"https:\/\/www.facebook.com\/robertladkanidesignstudio\/\" \/>\n<meta property=\"article:modified_time\" content=\"2023-02-08T18:09:15+00:00\" \/>\n<meta property=\"og:image\" content=\"https:\/\/robertladkani.com\/wp-content\/uploads\/2023\/02\/about-robertladkani.jpg\" \/>\n\t<meta property=\"og:image:width\" content=\"1349\" \/>\n\t<meta property=\"og:image:height\" content=\"905\" \/>\n\t<meta property=\"og:image:type\" content=\"image\/jpeg\" \/>\n<meta name=\"twitter:card\" content=\"summary_large_image\" \/>\n<meta name=\"twitter:label1\" content=\"Gesch\u00e4tzte Lesezeit\" \/>\n\t<meta name=\"twitter:data1\" content=\"6\u00a0Minuten\" \/>\n<script type=\"application\/ld+json\" class=\"yoast-schema-graph\">{\"@context\":\"https:\/\/schema.org\",\"@graph\":[{\"@type\":\"WebPage\",\"@id\":\"https:\/\/robertladkani.com\/de\/about\/\",\"url\":\"https:\/\/robertladkani.com\/de\/about\/\",\"name\":\"About - robertladkani.com\",\"isPartOf\":{\"@id\":\"https:\/\/robertladkani.com\/#website\"},\"primaryImageOfPage\":{\"@id\":\"https:\/\/robertladkani.com\/de\/about\/#primaryimage\"},\"image\":{\"@id\":\"https:\/\/robertladkani.com\/de\/about\/#primaryimage\"},\"thumbnailUrl\":\"https:\/\/robertladkani.com\/wp-content\/uploads\/2023\/01\/Robert-Ladkani.jpg\",\"datePublished\":\"2023-01-12T16:47:31+00:00\",\"dateModified\":\"2023-02-08T18:09:15+00:00\",\"description\":\"\u00dcber Robert Ladkani - Ein multidisziplin\u00e4rer Experte f\u00fcr Digital Marketing. Erfahren Sie mehr \u00fcber meinen professionellen Werdegang.\",\"breadcrumb\":{\"@id\":\"https:\/\/robertladkani.com\/de\/about\/#breadcrumb\"},\"inLanguage\":\"de\",\"potentialAction\":[{\"@type\":\"ReadAction\",\"target\":[\"https:\/\/robertladkani.com\/de\/about\/\"]}]},{\"@type\":\"ImageObject\",\"inLanguage\":\"de\",\"@id\":\"https:\/\/robertladkani.com\/de\/about\/#primaryimage\",\"url\":\"https:\/\/robertladkani.com\/wp-content\/uploads\/2023\/01\/Robert-Ladkani.jpg\",\"contentUrl\":\"https:\/\/robertladkani.com\/wp-content\/uploads\/2023\/01\/Robert-Ladkani.jpg\"},{\"@type\":\"BreadcrumbList\",\"@id\":\"https:\/\/robertladkani.com\/de\/about\/#breadcrumb\",\"itemListElement\":[{\"@type\":\"ListItem\",\"position\":1,\"name\":\"Home\",\"item\":\"https:\/\/robertladkani.com\/de\/\"},{\"@type\":\"ListItem\",\"position\":2,\"name\":\"About\"}]},{\"@type\":\"WebSite\",\"@id\":\"https:\/\/robertladkani.com\/#website\",\"url\":\"https:\/\/robertladkani.com\/\",\"name\":\"robertladkani.com\",\"description\":\"Strategy | Design | Development\",\"publisher\":{\"@id\":\"https:\/\/robertladkani.com\/#organization\"},\"potentialAction\":[{\"@type\":\"SearchAction\",\"target\":{\"@type\":\"EntryPoint\",\"urlTemplate\":\"https:\/\/robertladkani.com\/?s={search_term_string}\"},\"query-input\":{\"@type\":\"PropertyValueSpecification\",\"valueRequired\":true,\"valueName\":\"search_term_string\"}}],\"inLanguage\":\"de\"},{\"@type\":\"Organization\",\"@id\":\"https:\/\/robertladkani.com\/#organization\",\"name\":\"Robert Ladkani - Design Studio\",\"url\":\"https:\/\/robertladkani.com\/\",\"logo\":{\"@type\":\"ImageObject\",\"inLanguage\":\"de\",\"@id\":\"https:\/\/robertladkani.com\/#\/schema\/logo\/image\/\",\"url\":\"https:\/\/robertladkani.com\/wp-content\/uploads\/2023\/02\/cropped-robert-ladkani.png\",\"contentUrl\":\"https:\/\/robertladkani.com\/wp-content\/uploads\/2023\/02\/cropped-robert-ladkani.png\",\"width\":512,\"height\":512,\"caption\":\"Robert Ladkani - Design Studio\"},\"image\":{\"@id\":\"https:\/\/robertladkani.com\/#\/schema\/logo\/image\/\"},\"sameAs\":[\"https:\/\/www.facebook.com\/robertladkanidesignstudio\/\",\"https:\/\/www.linkedin.com\/in\/robertladkani\/\"]}]}<\/script>\n<!-- \/ Yoast SEO plugin. -->","yoast_head_json":{"title":"About - robertladkani.com","description":"\u00dcber Robert Ladkani - Ein multidisziplin\u00e4rer Experte f\u00fcr Digital Marketing. Erfahren Sie mehr \u00fcber meinen professionellen Werdegang.","robots":{"index":"index","follow":"follow","max-snippet":"max-snippet:-1","max-image-preview":"max-image-preview:large","max-video-preview":"max-video-preview:-1"},"canonical":"https:\/\/robertladkani.com\/de\/about\/","og_locale":"de_DE","og_type":"article","og_title":"\u00dcber Robert Ladkani","og_description":"\u00dcber Robert Ladkani - Ein multidisziplin\u00e4rer Experte f\u00fcr Digital Marketing. Erfahren Sie mehr \u00fcber meinen professionellen Werdegang.","og_url":"https:\/\/robertladkani.com\/de\/about\/","og_site_name":"robertladkani.com","article_publisher":"https:\/\/www.facebook.com\/robertladkanidesignstudio\/","article_modified_time":"2023-02-08T18:09:15+00:00","og_image":[{"width":1349,"height":905,"url":"https:\/\/robertladkani.com\/wp-content\/uploads\/2023\/02\/about-robertladkani.jpg","type":"image\/jpeg"}],"twitter_card":"summary_large_image","twitter_misc":{"Gesch\u00e4tzte Lesezeit":"6\u00a0Minuten"},"schema":{"@context":"https:\/\/schema.org","@graph":[{"@type":"WebPage","@id":"https:\/\/robertladkani.com\/de\/about\/","url":"https:\/\/robertladkani.com\/de\/about\/","name":"About - robertladkani.com","isPartOf":{"@id":"https:\/\/robertladkani.com\/#website"},"primaryImageOfPage":{"@id":"https:\/\/robertladkani.com\/de\/about\/#primaryimage"},"image":{"@id":"https:\/\/robertladkani.com\/de\/about\/#primaryimage"},"thumbnailUrl":"https:\/\/robertladkani.com\/wp-content\/uploads\/2023\/01\/Robert-Ladkani.jpg","datePublished":"2023-01-12T16:47:31+00:00","dateModified":"2023-02-08T18:09:15+00:00","description":"\u00dcber Robert Ladkani - Ein multidisziplin\u00e4rer Experte f\u00fcr Digital Marketing. Erfahren Sie mehr \u00fcber meinen professionellen Werdegang.","breadcrumb":{"@id":"https:\/\/robertladkani.com\/de\/about\/#breadcrumb"},"inLanguage":"de","potentialAction":[{"@type":"ReadAction","target":["https:\/\/robertladkani.com\/de\/about\/"]}]},{"@type":"ImageObject","inLanguage":"de","@id":"https:\/\/robertladkani.com\/de\/about\/#primaryimage","url":"https:\/\/robertladkani.com\/wp-content\/uploads\/2023\/01\/Robert-Ladkani.jpg","contentUrl":"https:\/\/robertladkani.com\/wp-content\/uploads\/2023\/01\/Robert-Ladkani.jpg"},{"@type":"BreadcrumbList","@id":"https:\/\/robertladkani.com\/de\/about\/#breadcrumb","itemListElement":[{"@type":"ListItem","position":1,"name":"Home","item":"https:\/\/robertladkani.com\/de\/"},{"@type":"ListItem","position":2,"name":"About"}]},{"@type":"WebSite","@id":"https:\/\/robertladkani.com\/#website","url":"https:\/\/robertladkani.com\/","name":"robertladkani.com","description":"Strategy | Design | Development","publisher":{"@id":"https:\/\/robertladkani.com\/#organization"},"potentialAction":[{"@type":"SearchAction","target":{"@type":"EntryPoint","urlTemplate":"https:\/\/robertladkani.com\/?s={search_term_string}"},"query-input":{"@type":"PropertyValueSpecification","valueRequired":true,"valueName":"search_term_string"}}],"inLanguage":"de"},{"@type":"Organization","@id":"https:\/\/robertladkani.com\/#organization","name":"Robert Ladkani - Design Studio","url":"https:\/\/robertladkani.com\/","logo":{"@type":"ImageObject","inLanguage":"de","@id":"https:\/\/robertladkani.com\/#\/schema\/logo\/image\/","url":"https:\/\/robertladkani.com\/wp-content\/uploads\/2023\/02\/cropped-robert-ladkani.png","contentUrl":"https:\/\/robertladkani.com\/wp-content\/uploads\/2023\/02\/cropped-robert-ladkani.png","width":512,"height":512,"caption":"Robert Ladkani - Design Studio"},"image":{"@id":"https:\/\/robertladkani.com\/#\/schema\/logo\/image\/"},"sameAs":["https:\/\/www.facebook.com\/robertladkanidesignstudio\/","https:\/\/www.linkedin.com\/in\/robertladkani\/"]}]}},"uagb_featured_image_src":{"full":false,"thumbnail":false,"medium":false,"medium_large":false,"large":false,"1536x1536":false,"2048x2048":false},"uagb_author_info":{"display_name":"robert","author_link":"https:\/\/robertladkani.com\/de\/author\/robert\/"},"uagb_comment_info":0,"uagb_excerpt":"Kunden Auszug Referenzkunden Awards &amp; Nominations My 5 Minutes of fame..","_links":{"self":[{"href":"https:\/\/robertladkani.com\/de\/wp-json\/wp\/v2\/pages\/470","targetHints":{"allow":["GET"]}}],"collection":[{"href":"https:\/\/robertladkani.com\/de\/wp-json\/wp\/v2\/pages"}],"about":[{"href":"https:\/\/robertladkani.com\/de\/wp-json\/wp\/v2\/types\/page"}],"author":[{"embeddable":true,"href":"https:\/\/robertladkani.com\/de\/wp-json\/wp\/v2\/users\/1"}],"replies":[{"embeddable":true,"href":"https:\/\/robertladkani.com\/de\/wp-json\/wp\/v2\/comments?post=470"}],"version-history":[{"count":10,"href":"https:\/\/robertladkani.com\/de\/wp-json\/wp\/v2\/pages\/470\/revisions"}],"predecessor-version":[{"id":1027,"href":"https:\/\/robertladkani.com\/de\/wp-json\/wp\/v2\/pages\/470\/revisions\/1027"}],"wp:attachment":[{"href":"https:\/\/robertladkani.com\/de\/wp-json\/wp\/v2\/media?parent=470"}],"curies":[{"name":"wp","href":"https:\/\/api.w.org\/{rel}","templated":true}]}}